{"id":16542,"date":"2023-05-01T19:08:59","date_gmt":"2023-05-01T19:08:59","guid":{"rendered":"http:\/\/praxis.systemicals.de\/?page_id=16542"},"modified":"2023-05-02T17:49:48","modified_gmt":"2023-05-02T17:49:48","slug":"meine-arbeitsweise","status":"publish","type":"page","link":"https:\/\/praxis.systemicals.de\/?page_id=16542","title":{"rendered":"Meine Arbeitsweise"},"content":{"rendered":"\t\t<div data-elementor-type=\"wp-page\" data-elementor-id=\"16542\" class=\"elementor elementor-16542\">\n\t\t\t\t\t\t\t\t\t<section class=\"elementor-section elementor-top-section elementor-element elementor-element-b6c0c8a elementor-section-boxed elementor-section-height-default elementor-section-height-default\" data-id=\"b6c0c8a\" data-element_type=\"section\" data-settings=\"{&quot;background_background&quot;:&quot;classic&quot;}\">\n\t\t\t\t\t\t\t<div class=\"elementor-background-overlay\"><\/div>\n\t\t\t\t\t\t\t<div class=\"elementor-container elementor-column-gap-default\">\n\t\t\t\t\t<div class=\"elementor-column elementor-col-50 elementor-top-column elementor-element elementor-element-752cc58\" data-id=\"752cc58\" data-element_type=\"column\">\n\t\t\t<div class=\"elementor-widget-wrap elementor-element-populated\">\n\t\t\t\t\t\t\t\t<div class=\"elementor-element elementor-element-0a038be elementor-widget elementor-widget-heading\" data-id=\"0a038be\" data-element_type=\"widget\" data-widget_type=\"heading.default\">\n\t\t\t\t<div class=\"elementor-widget-container\">\n\t\t\t<style>\/*! elementor - v3.10.2 - 29-01-2023 *\/\n.elementor-heading-title{padding:0;margin:0;line-height:1}.elementor-widget-heading .elementor-heading-title[class*=elementor-size-]>a{color:inherit;font-size:inherit;line-height:inherit}.elementor-widget-heading .elementor-heading-title.elementor-size-small{font-size:15px}.elementor-widget-heading .elementor-heading-title.elementor-size-medium{font-size:19px}.elementor-widget-heading .elementor-heading-title.elementor-size-large{font-size:29px}.elementor-widget-heading .elementor-heading-title.elementor-size-xl{font-size:39px}.elementor-widget-heading .elementor-heading-title.elementor-size-xxl{font-size:59px}<\/style><h3 class=\"elementor-heading-title elementor-size-default\">Und was bedeutet \u201esystemisch\u201c?<\/h3>\t\t<\/div>\n\t\t\t\t<\/div>\n\t\t\t\t<div class=\"elementor-element elementor-element-701d463 elementor-widget elementor-widget-text-editor\" data-id=\"701d463\" data-element_type=\"widget\" data-widget_type=\"text-editor.default\">\n\t\t\t\t<div class=\"elementor-widget-container\">\n\t\t\t<style>\/*! elementor - v3.10.2 - 29-01-2023 *\/\n.elementor-widget-text-editor.elementor-drop-cap-view-stacked .elementor-drop-cap{background-color:#818a91;color:#fff}.elementor-widget-text-editor.elementor-drop-cap-view-framed .elementor-drop-cap{color:#818a91;border:3px solid;background-color:transparent}.elementor-widget-text-editor:not(.elementor-drop-cap-view-default) .elementor-drop-cap{margin-top:8px}.elementor-widget-text-editor:not(.elementor-drop-cap-view-default) .elementor-drop-cap-letter{width:1em;height:1em}.elementor-widget-text-editor .elementor-drop-cap{float:left;text-align:center;line-height:1;font-size:50px}.elementor-widget-text-editor .elementor-drop-cap-letter{display:inline-block}<\/style>\t\t\t\t<p>Systemisches Arbeiten ist ein Ansatz in der Psychotherapie, Beratung und Coaching, der den Fokus auf die Beziehungen und Interaktionen zwischen Personen legt, anstatt sich lediglich problemorientiert auf die Vergangenheit des Einzelnen zu fokussieren. Der Ansatz geht davon aus, dass Probleme nicht isoliert betrachtet werden k\u00f6nnen, sondern als Teil eines gr\u00f6\u00dferen Systems, in dem alle Beteiligten miteinander verbunden sind und sich gegenseitig beeinflussen.<br \/>Systemisches Arbeiten bezieht sich auch auf eine spezielle Art der Fragestellung und der Gespr\u00e4chsf\u00fchrung, die darauf abzielt, die Dynamik eines Systems zu erfassen und zu verstehen. Der systemische Ansatz wird oft mit dem Ziel eingesetzt, Ver\u00e4nderungen in diesem System herbeizuf\u00fchren, indem es seinen Mitgliedern hilft, neue Sichtweisen und Handlungsm\u00f6glichkeiten zu entwickeln.<\/p><p><br \/><strong>#selbstwirksamkeit #wertsch\u00e4tzung #ressourcen #diel\u00f6sungliegtindir<\/strong><\/p>\t\t\t\t\t\t<\/div>\n\t\t\t\t<\/div>\n\t\t\t\t\t<\/div>\n\t\t<\/div>\n\t\t\t\t<div class=\"elementor-column elementor-col-50 elementor-top-column elementor-element elementor-element-40bfa45\" data-id=\"40bfa45\" data-element_type=\"column\">\n\t\t\t<div class=\"elementor-widget-wrap elementor-element-populated\">\n\t\t\t\t\t\t\t\t<div class=\"elementor-element elementor-element-184d081 elementor-absolute elementor-widget elementor-widget-image\" data-id=\"184d081\" data-element_type=\"widget\" data-settings=\"{&quot;_position&quot;:&quot;absolute&quot;}\" data-widget_type=\"image.default\">\n\t\t\t\t<div class=\"elementor-widget-container\">\n\t\t\t<style>\/*! elementor - v3.10.2 - 29-01-2023 *\/\n.elementor-widget-image{text-align:center}.elementor-widget-image a{display:inline-block}.elementor-widget-image a img[src$=\".svg\"]{width:48px}.elementor-widget-image img{vertical-align:middle;display:inline-block}<\/style>\t\t\t\t\t\t\t\t\t\t\t\t<img loading=\"lazy\" decoding=\"async\" width=\"640\" height=\"960\" src=\"https:\/\/praxis.systemicals.de\/wp-content\/uploads\/2023\/05\/Design-ohne-Titel-18-683x1024.png\" class=\"attachment-large size-large wp-image-16586\" alt=\"\" srcset=\"https:\/\/praxis.systemicals.de\/wp-content\/uploads\/2023\/05\/Design-ohne-Titel-18-683x1024.png 683w, https:\/\/praxis.systemicals.de\/wp-content\/uploads\/2023\/05\/Design-ohne-Titel-18-200x300.png 200w, https:\/\/praxis.systemicals.de\/wp-content\/uploads\/2023\/05\/Design-ohne-Titel-18-768x1151.png 768w, https:\/\/praxis.systemicals.de\/wp-content\/uploads\/2023\/05\/Design-ohne-Titel-18-1025x1536.png 1025w, https:\/\/praxis.systemicals.de\/wp-content\/uploads\/2023\/05\/Design-ohne-Titel-18-600x900.png 600w, https:\/\/praxis.systemicals.de\/wp-content\/uploads\/2023\/05\/Design-ohne-Titel-18.png 1366w\" sizes=\"auto, (max-width: 640px) 100vw, 640px\" \/>\t\t\t\t\t\t\t\t\t\t\t\t\t\t\t<\/div>\n\t\t\t\t<\/div>\n\t\t\t\t\t<\/div>\n\t\t<\/div>\n\t\t\t\t\t\t\t<\/div>\n\t\t<\/section>\n\t\t\t\t\t\t\t<\/div>\n\t\t","protected":false},"excerpt":{"rendered":"<p>Und was bedeutet \u201esystemisch\u201c? Systemisches Arbeiten ist ein Ansatz in der Psychotherapie, Beratung und Coaching, der den Fokus auf die Beziehungen und Interaktionen zwischen Personen legt, anstatt sich lediglich problemorientiert auf die Vergangenheit des Einzelnen zu fokussieren. Der Ansatz geht davon aus, dass Probleme nicht isoliert betrachtet werden k\u00f6nnen, sondern als Teil eines gr\u00f6\u00dferen Systems,&#8230;<\/p>\n","protected":false},"author":1,"featured_media":0,"parent":15781,"menu_order":0,"comment_status":"closed","ping_status":"closed","template":"","meta":{"footnotes":""},"class_list":["post-16542","page","type-page","status-publish","hentry"],"aioseo_notices":[],"_links":{"self":[{"href":"https:\/\/praxis.systemicals.de\/index.php?rest_route=\/wp\/v2\/pages\/16542","targetHints":{"allow":["GET"]}}],"collection":[{"href":"https:\/\/praxis.systemicals.de\/index.php?rest_route=\/wp\/v2\/pages"}],"about":[{"href":"https:\/\/praxis.systemicals.de\/index.php?rest_route=\/wp\/v2\/types\/page"}],"author":[{"embeddable":true,"href":"https:\/\/praxis.systemicals.de\/index.php?rest_route=\/wp\/v2\/users\/1"}],"replies":[{"embeddable":true,"href":"https:\/\/praxis.systemicals.de\/index.php?rest_route=%2Fwp%2Fv2%2Fcomments&post=16542"}],"version-history":[{"count":48,"href":"https:\/\/praxis.systemicals.de\/index.php?rest_route=\/wp\/v2\/pages\/16542\/revisions"}],"predecessor-version":[{"id":16620,"href":"https:\/\/praxis.systemicals.de\/index.php?rest_route=\/wp\/v2\/pages\/16542\/revisions\/16620"}],"up":[{"embeddable":true,"href":"https:\/\/praxis.systemicals.de\/index.php?rest_route=\/wp\/v2\/pages\/15781"}],"wp:attachment":[{"href":"https:\/\/praxis.systemicals.de\/index.php?rest_route=%2Fwp%2Fv2%2Fmedia&parent=16542"}],"curies":[{"name":"wp","href":"https:\/\/api.w.org\/{rel}","templated":true}]}}